{"id":240,"date":"2022-10-04T13:18:28","date_gmt":"2022-10-04T13:18:28","guid":{"rendered":"https:\/\/buhoseguridad.com.co\/?page_id=240"},"modified":"2026-04-08T21:26:21","modified_gmt":"2026-04-08T21:26:21","slug":"servicios","status":"publish","type":"page","link":"https:\/\/buhoseguridad.com.co\/?page_id=240","title":{"rendered":"Servicios"},"content":{"rendered":"\t\t<div data-elementor-type=\"wp-page\" data-elementor-id=\"240\" class=\"elementor elementor-240\" data-elementor-post-type=\"page\">\n\t\t\t\t\t\t<section class=\"elementor-section elementor-top-section elementor-element elementor-element-d26fef3 elementor-section-boxed elementor-section-height-default elementor-section-height-default\" data-id=\"d26fef3\" data-element_type=\"section\" data-e-type=\"section\">\n\t\t\t\t\t\t<div class=\"elementor-container elementor-column-gap-default\">\n\t\t\t\t\t<div class=\"elementor-column elementor-col-50 elementor-top-column elementor-element elementor-element-0ad6ce3\" data-id=\"0ad6ce3\" data-element_type=\"column\" data-e-type=\"column\" data-settings=\"{&quot;background_background&quot;:&quot;classic&quot;}\">\n\t\t\t<div class=\"elementor-widget-wrap elementor-element-populated\">\n\t\t\t\t\t\t<div class=\"elementor-element elementor-element-80d6fcb elementor-widget elementor-widget-heading\" data-id=\"80d6fcb\" data-element_type=\"widget\" data-e-type=\"widget\" data-widget_type=\"heading.default\">\n\t\t\t\t<div class=\"elementor-widget-container\">\n\t\t\t\t\t<h2 class=\"elementor-heading-title elementor-size-default\">Nuestros<\/h2>\t\t\t\t<\/div>\n\t\t\t\t<\/div>\n\t\t\t\t<div class=\"elementor-element elementor-element-98bb702 elementor-widget elementor-widget-heading\" data-id=\"98bb702\" data-element_type=\"widget\" data-e-type=\"widget\" data-widget_type=\"heading.default\">\n\t\t\t\t<div class=\"elementor-widget-container\">\n\t\t\t\t\t<h2 class=\"elementor-heading-title elementor-size-default\">Servicios<\/h2>\t\t\t\t<\/div>\n\t\t\t\t<\/div>\n\t\t\t\t\t<\/div>\n\t\t<\/div>\n\t\t\t\t<div class=\"elementor-column elementor-col-50 elementor-top-column elementor-element elementor-element-e6b9d31 elementor-hidden-phone elementor-hidden-tablet\" data-id=\"e6b9d31\" data-element_type=\"column\" data-e-type=\"column\" data-settings=\"{&quot;background_background&quot;:&quot;classic&quot;}\">\n\t\t\t<div class=\"elementor-widget-wrap elementor-element-populated\">\n\t\t\t\t\t\t<div class=\"elementor-element elementor-element-05daa22 elementor-widget elementor-widget-image\" data-id=\"05daa22\" data-element_type=\"widget\" data-e-type=\"widget\" data-widget_type=\"image.default\">\n\t\t\t\t<div class=\"elementor-widget-container\">\n\t\t\t\t\t\t\t\t\t\t\t\t\t\t\t<img fetchpriority=\"high\" decoding=\"async\" width=\"512\" height=\"512\" src=\"https:\/\/buhoseguridad.com.co\/wp-content\/uploads\/2025\/08\/cropped-Logo-Transparente.jpg\" class=\"attachment-large size-large wp-image-1171\" alt=\"\" srcset=\"https:\/\/buhoseguridad.com.co\/wp-content\/uploads\/2025\/08\/cropped-Logo-Transparente.jpg 512w, https:\/\/buhoseguridad.com.co\/wp-content\/uploads\/2025\/08\/cropped-Logo-Transparente-300x300.jpg 300w, https:\/\/buhoseguridad.com.co\/wp-content\/uploads\/2025\/08\/cropped-Logo-Transparente-150x150.jpg 150w\" sizes=\"(max-width: 512px) 100vw, 512px\" \/>\t\t\t\t\t\t\t\t\t\t\t\t\t\t\t<\/div>\n\t\t\t\t<\/div>\n\t\t\t\t\t<\/div>\n\t\t<\/div>\n\t\t\t\t\t<\/div>\n\t\t<\/section>\n\t\t\t\t<section class=\"elementor-section elementor-top-section elementor-element elementor-element-713c7d7 elementor-section-boxed elementor-section-height-default elementor-section-height-default\" data-id=\"713c7d7\" data-element_type=\"section\" data-e-type=\"section\">\n\t\t\t\t\t\t<div class=\"elementor-container elementor-column-gap-default\">\n\t\t\t\t\t<div class=\"elementor-column elementor-col-50 elementor-top-column elementor-element elementor-element-2207dcf\" data-id=\"2207dcf\" data-element_type=\"column\" data-e-type=\"column\">\n\t\t\t<div class=\"elementor-widget-wrap elementor-element-populated\">\n\t\t\t\t\t\t<div class=\"elementor-element elementor-element-a01ccfe elementor-widget elementor-widget-heading\" data-id=\"a01ccfe\" data-element_type=\"widget\" data-e-type=\"widget\" data-widget_type=\"heading.default\">\n\t\t\t\t<div class=\"elementor-widget-container\">\n\t\t\t\t\t<h2 class=\"elementor-heading-title elementor-size-default\">Servicio<\/h2>\t\t\t\t<\/div>\n\t\t\t\t<\/div>\n\t\t\t\t<div class=\"elementor-element elementor-element-7d482d1 elementor-widget elementor-widget-heading\" data-id=\"7d482d1\" data-element_type=\"widget\" data-e-type=\"widget\" data-widget_type=\"heading.default\">\n\t\t\t\t<div class=\"elementor-widget-container\">\n\t\t\t\t\t<h2 class=\"elementor-heading-title elementor-size-default\">Canino<\/h2>\t\t\t\t<\/div>\n\t\t\t\t<\/div>\n\t\t\t\t<div class=\"elementor-element elementor-element-6183a40 elementor-widget elementor-widget-text-editor\" data-id=\"6183a40\" data-element_type=\"widget\" data-e-type=\"widget\" data-widget_type=\"text-editor.default\">\n\t\t\t\t<div class=\"elementor-widget-container\">\n\t\t\t\t\t\t\t\t\t<p><span style=\"font-size: 14.0pt; font-family: 'Arial',sans-serif; mso-fareast-font-family: 'Times New Roman'; mso-bidi-font-family: 'Times New Roman'; mso-ansi-language: ES-CO; mso-fareast-language: ES-CO; mso-bidi-language: AR-SA;\">Contamos con certificados en las tres modalidades autorizadas (explosivos, defensa y narcoticos) por la Superintendencia de Seguridad y Vigilancia Privada. Nuestros canes, son entrenados con las habilidades establecidas en la norma y son cuidados con los protocolos establecidos por la Ley.<\/span><\/p>\t\t\t\t\t\t\t\t<\/div>\n\t\t\t\t<\/div>\n\t\t\t\t\t<\/div>\n\t\t<\/div>\n\t\t\t\t<div class=\"elementor-column elementor-col-50 elementor-top-column elementor-element elementor-element-a954401\" data-id=\"a954401\" data-element_type=\"column\" data-e-type=\"column\" data-settings=\"{&quot;background_background&quot;:&quot;gradient&quot;}\">\n\t\t\t<div class=\"elementor-widget-wrap elementor-element-populated\">\n\t\t\t\t\t\t<div class=\"elementor-element elementor-element-0c55f38 elementor-widget elementor-widget-image\" data-id=\"0c55f38\" data-element_type=\"widget\" data-e-type=\"widget\" data-widget_type=\"image.default\">\n\t\t\t\t<div class=\"elementor-widget-container\">\n\t\t\t\t\t\t\t\t\t\t\t\t\t\t\t<img decoding=\"async\" width=\"1024\" height=\"953\" src=\"https:\/\/buhoseguridad.com.co\/wp-content\/uploads\/2023\/12\/WhatsApp-Image-2023-11-29-at-4.11.45-PM-1024x953.jpg\" class=\"attachment-large size-large wp-image-610\" alt=\"\" srcset=\"https:\/\/buhoseguridad.com.co\/wp-content\/uploads\/2023\/12\/WhatsApp-Image-2023-11-29-at-4.11.45-PM-1024x953.jpg 1024w, https:\/\/buhoseguridad.com.co\/wp-content\/uploads\/2023\/12\/WhatsApp-Image-2023-11-29-at-4.11.45-PM-300x279.jpg 300w, https:\/\/buhoseguridad.com.co\/wp-content\/uploads\/2023\/12\/WhatsApp-Image-2023-11-29-at-4.11.45-PM-768x715.jpg 768w, https:\/\/buhoseguridad.com.co\/wp-content\/uploads\/2023\/12\/WhatsApp-Image-2023-11-29-at-4.11.45-PM.jpg 1200w\" sizes=\"(max-width: 1024px) 100vw, 1024px\" \/>\t\t\t\t\t\t\t\t\t\t\t\t\t\t\t<\/div>\n\t\t\t\t<\/div>\n\t\t\t\t\t<\/div>\n\t\t<\/div>\n\t\t\t\t\t<\/div>\n\t\t<\/section>\n\t\t\t\t<section class=\"elementor-section elementor-top-section elementor-element elementor-element-57b92de elementor-reverse-tablet elementor-reverse-mobile elementor-section-boxed elementor-section-height-default elementor-section-height-default\" data-id=\"57b92de\" data-element_type=\"section\" data-e-type=\"section\" data-settings=\"{&quot;background_background&quot;:&quot;classic&quot;}\">\n\t\t\t\t\t\t<div class=\"elementor-container elementor-column-gap-default\">\n\t\t\t\t\t<div class=\"elementor-column elementor-col-50 elementor-top-column elementor-element elementor-element-5524491\" data-id=\"5524491\" data-element_type=\"column\" data-e-type=\"column\" data-settings=\"{&quot;background_background&quot;:&quot;gradient&quot;}\">\n\t\t\t<div class=\"elementor-widget-wrap elementor-element-populated\">\n\t\t\t\t\t\t<div class=\"elementor-element elementor-element-b34b3d6 elementor-absolute elementor-widget elementor-widget-image\" data-id=\"b34b3d6\" data-element_type=\"widget\" data-e-type=\"widget\" data-settings=\"{&quot;_position&quot;:&quot;absolute&quot;}\" data-widget_type=\"image.default\">\n\t\t\t\t<div class=\"elementor-widget-container\">\n\t\t\t\t\t\t\t\t\t\t\t\t\t\t\t<img decoding=\"async\" width=\"300\" height=\"225\" src=\"https:\/\/buhoseguridad.com.co\/wp-content\/uploads\/2023\/12\/WhatsApp-Image-2023-11-29-at-4.25.19-PM-300x225.jpeg\" class=\"attachment-medium size-medium wp-image-554\" alt=\"\" srcset=\"https:\/\/buhoseguridad.com.co\/wp-content\/uploads\/2023\/12\/WhatsApp-Image-2023-11-29-at-4.25.19-PM-300x225.jpeg 300w, https:\/\/buhoseguridad.com.co\/wp-content\/uploads\/2023\/12\/WhatsApp-Image-2023-11-29-at-4.25.19-PM-1024x768.jpeg 1024w, https:\/\/buhoseguridad.com.co\/wp-content\/uploads\/2023\/12\/WhatsApp-Image-2023-11-29-at-4.25.19-PM-768x576.jpeg 768w, https:\/\/buhoseguridad.com.co\/wp-content\/uploads\/2023\/12\/WhatsApp-Image-2023-11-29-at-4.25.19-PM-1536x1152.jpeg 1536w, https:\/\/buhoseguridad.com.co\/wp-content\/uploads\/2023\/12\/WhatsApp-Image-2023-11-29-at-4.25.19-PM.jpeg 1600w\" sizes=\"(max-width: 300px) 100vw, 300px\" \/>\t\t\t\t\t\t\t\t\t\t\t\t\t\t\t<\/div>\n\t\t\t\t<\/div>\n\t\t\t\t\t<\/div>\n\t\t<\/div>\n\t\t\t\t<div class=\"elementor-column elementor-col-50 elementor-top-column elementor-element elementor-element-3aa975b\" data-id=\"3aa975b\" data-element_type=\"column\" data-e-type=\"column\">\n\t\t\t<div class=\"elementor-widget-wrap elementor-element-populated\">\n\t\t\t\t\t\t<div class=\"elementor-element elementor-element-7f8741e elementor-widget elementor-widget-heading\" data-id=\"7f8741e\" data-element_type=\"widget\" data-e-type=\"widget\" data-widget_type=\"heading.default\">\n\t\t\t\t<div class=\"elementor-widget-container\">\n\t\t\t\t\t<h2 class=\"elementor-heading-title elementor-size-default\">Servicio<\/h2>\t\t\t\t<\/div>\n\t\t\t\t<\/div>\n\t\t\t\t<div class=\"elementor-element elementor-element-0f49369 elementor-widget elementor-widget-heading\" data-id=\"0f49369\" data-element_type=\"widget\" data-e-type=\"widget\" data-widget_type=\"heading.default\">\n\t\t\t\t<div class=\"elementor-widget-container\">\n\t\t\t\t\t<h2 class=\"elementor-heading-title elementor-size-default\">De Vigilancia Armado o Sin Arma<\/h2>\t\t\t\t<\/div>\n\t\t\t\t<\/div>\n\t\t\t\t<div class=\"elementor-element elementor-element-c9cb037 elementor-widget elementor-widget-text-editor\" data-id=\"c9cb037\" data-element_type=\"widget\" data-e-type=\"widget\" data-widget_type=\"text-editor.default\">\n\t\t\t\t<div class=\"elementor-widget-container\">\n\t\t\t\t\t\t\t\t\t<p style=\"margin-bottom: 2.55pt;\"><span lang=\"ES-MX\" style=\"font-size: 14.0pt;\">Nuestros guardas cuentan con las certificaciones requeridas para la prestaci\u00f3n del servicio, con arma o sin arma seg\u00fan la necesidad del cliente y de conformidad con los riesgos que desde el an\u00e1lisis de seguridad se puedan evidenciar<\/span><\/p>\t\t\t\t\t\t\t\t<\/div>\n\t\t\t\t<\/div>\n\t\t\t\t<div class=\"elementor-element elementor-element-1b0abfb elementor-widget-divider--view-line elementor-widget elementor-widget-divider\" data-id=\"1b0abfb\" data-element_type=\"widget\" data-e-type=\"widget\" data-widget_type=\"divider.default\">\n\t\t\t\t<div class=\"elementor-widget-container\">\n\t\t\t\t\t\t\t<div class=\"elementor-divider\">\n\t\t\t<span class=\"elementor-divider-separator\">\n\t\t\t\t\t\t<\/span>\n\t\t<\/div>\n\t\t\t\t\t\t<\/div>\n\t\t\t\t<\/div>\n\t\t\t\t\t<\/div>\n\t\t<\/div>\n\t\t\t\t\t<\/div>\n\t\t<\/section>\n\t\t\t\t<section class=\"elementor-section elementor-top-section elementor-element elementor-element-06b8b6e elementor-section-boxed elementor-section-height-default elementor-section-height-default\" data-id=\"06b8b6e\" data-element_type=\"section\" data-e-type=\"section\">\n\t\t\t\t\t\t<div class=\"elementor-container elementor-column-gap-default\">\n\t\t\t\t\t<div class=\"elementor-column elementor-col-50 elementor-top-column elementor-element elementor-element-bbb2a03\" data-id=\"bbb2a03\" data-element_type=\"column\" data-e-type=\"column\">\n\t\t\t<div class=\"elementor-widget-wrap elementor-element-populated\">\n\t\t\t\t\t\t<div class=\"elementor-element elementor-element-1d4f9d4 elementor-widget elementor-widget-heading\" data-id=\"1d4f9d4\" data-element_type=\"widget\" data-e-type=\"widget\" data-widget_type=\"heading.default\">\n\t\t\t\t<div class=\"elementor-widget-container\">\n\t\t\t\t\t<h2 class=\"elementor-heading-title elementor-size-default\">Servicio <\/h2>\t\t\t\t<\/div>\n\t\t\t\t<\/div>\n\t\t\t\t<div class=\"elementor-element elementor-element-8d48845 elementor-widget elementor-widget-heading\" data-id=\"8d48845\" data-element_type=\"widget\" data-e-type=\"widget\" data-widget_type=\"heading.default\">\n\t\t\t\t<div class=\"elementor-widget-container\">\n\t\t\t\t\t<h2 class=\"elementor-heading-title elementor-size-default\">Supervisi\u00f3n Motorizado y De Puesto<\/h2>\t\t\t\t<\/div>\n\t\t\t\t<\/div>\n\t\t\t\t<div class=\"elementor-element elementor-element-1f41f31 elementor-widget__width-initial elementor-widget elementor-widget-text-editor\" data-id=\"1f41f31\" data-element_type=\"widget\" data-e-type=\"widget\" data-widget_type=\"text-editor.default\">\n\t\t\t\t<div class=\"elementor-widget-container\">\n\t\t\t\t\t\t\t\t\t<p class=\"Default\" style=\"margin-bottom: 2.55pt;\"><span lang=\"ES-MX\" style=\"font-size: 14.0pt;\">Nuestros supervisores cuentan con la capacitaci\u00f3n y habilidades requeridas para acompa\u00f1ar a todos los guardas independientemente de su modalidad para garantizar la prestaci\u00f3n del servicio bajo los mayores estandares de calidad. Adicionalmente, circulan de manera permanente por sus zonas atendiendo sus formaciones en seguridad vial.\u00a0<\/span><\/p>\t\t\t\t\t\t\t\t<\/div>\n\t\t\t\t<\/div>\n\t\t\t\t\t<\/div>\n\t\t<\/div>\n\t\t\t\t<div class=\"elementor-column elementor-col-50 elementor-top-column elementor-element elementor-element-e963daf\" data-id=\"e963daf\" data-element_type=\"column\" data-e-type=\"column\" data-settings=\"{&quot;background_background&quot;:&quot;gradient&quot;}\">\n\t\t\t<div class=\"elementor-widget-wrap elementor-element-populated\">\n\t\t\t\t\t\t<div class=\"elementor-element elementor-element-170d1fc elementor-widget elementor-widget-image\" data-id=\"170d1fc\" data-element_type=\"widget\" data-e-type=\"widget\" data-widget_type=\"image.default\">\n\t\t\t\t<div class=\"elementor-widget-container\">\n\t\t\t\t\t\t\t\t\t\t\t\t\t\t\t<img loading=\"lazy\" decoding=\"async\" width=\"1330\" height=\"998\" src=\"https:\/\/buhoseguridad.com.co\/wp-content\/uploads\/2023\/12\/WhatsApp-Image-2023-12-05-at-11.59.34-AM.jpeg\" class=\"attachment-full size-full wp-image-550\" alt=\"\" srcset=\"https:\/\/buhoseguridad.com.co\/wp-content\/uploads\/2023\/12\/WhatsApp-Image-2023-12-05-at-11.59.34-AM.jpeg 1330w, https:\/\/buhoseguridad.com.co\/wp-content\/uploads\/2023\/12\/WhatsApp-Image-2023-12-05-at-11.59.34-AM-300x225.jpeg 300w, https:\/\/buhoseguridad.com.co\/wp-content\/uploads\/2023\/12\/WhatsApp-Image-2023-12-05-at-11.59.34-AM-1024x768.jpeg 1024w, https:\/\/buhoseguridad.com.co\/wp-content\/uploads\/2023\/12\/WhatsApp-Image-2023-12-05-at-11.59.34-AM-768x576.jpeg 768w\" sizes=\"(max-width: 1330px) 100vw, 1330px\" \/>\t\t\t\t\t\t\t\t\t\t\t\t\t\t\t<\/div>\n\t\t\t\t<\/div>\n\t\t\t\t\t<\/div>\n\t\t<\/div>\n\t\t\t\t\t<\/div>\n\t\t<\/section>\n\t\t\t\t<section class=\"elementor-section elementor-top-section elementor-element elementor-element-f50d1ed elementor-reverse-tablet elementor-reverse-mobile elementor-section-boxed elementor-section-height-default elementor-section-height-default\" data-id=\"f50d1ed\" data-element_type=\"section\" data-e-type=\"section\" data-settings=\"{&quot;background_background&quot;:&quot;classic&quot;}\">\n\t\t\t\t\t\t<div class=\"elementor-container elementor-column-gap-default\">\n\t\t\t\t\t<div class=\"elementor-column elementor-col-50 elementor-top-column elementor-element elementor-element-5d9fd91\" data-id=\"5d9fd91\" data-element_type=\"column\" data-e-type=\"column\" data-settings=\"{&quot;background_background&quot;:&quot;gradient&quot;}\">\n\t\t\t<div class=\"elementor-widget-wrap elementor-element-populated\">\n\t\t\t\t\t\t<div class=\"elementor-element elementor-element-f4543eb elementor-widget elementor-widget-image\" data-id=\"f4543eb\" data-element_type=\"widget\" data-e-type=\"widget\" data-widget_type=\"image.default\">\n\t\t\t\t<div class=\"elementor-widget-container\">\n\t\t\t\t\t\t\t\t\t\t\t\t\t\t\t<img loading=\"lazy\" decoding=\"async\" width=\"1600\" height=\"1117\" src=\"https:\/\/buhoseguridad.com.co\/wp-content\/uploads\/2023\/12\/WhatsApp-Image-2023-12-06-at-2.50.17-PM.jpeg\" class=\"attachment-full size-full wp-image-548\" alt=\"\" srcset=\"https:\/\/buhoseguridad.com.co\/wp-content\/uploads\/2023\/12\/WhatsApp-Image-2023-12-06-at-2.50.17-PM.jpeg 1600w, https:\/\/buhoseguridad.com.co\/wp-content\/uploads\/2023\/12\/WhatsApp-Image-2023-12-06-at-2.50.17-PM-300x209.jpeg 300w, https:\/\/buhoseguridad.com.co\/wp-content\/uploads\/2023\/12\/WhatsApp-Image-2023-12-06-at-2.50.17-PM-1024x715.jpeg 1024w, https:\/\/buhoseguridad.com.co\/wp-content\/uploads\/2023\/12\/WhatsApp-Image-2023-12-06-at-2.50.17-PM-768x536.jpeg 768w, https:\/\/buhoseguridad.com.co\/wp-content\/uploads\/2023\/12\/WhatsApp-Image-2023-12-06-at-2.50.17-PM-1536x1072.jpeg 1536w\" sizes=\"(max-width: 1600px) 100vw, 1600px\" \/>\t\t\t\t\t\t\t\t\t\t\t\t\t\t\t<\/div>\n\t\t\t\t<\/div>\n\t\t\t\t\t<\/div>\n\t\t<\/div>\n\t\t\t\t<div class=\"elementor-column elementor-col-50 elementor-top-column elementor-element elementor-element-4449efd\" data-id=\"4449efd\" data-element_type=\"column\" data-e-type=\"column\">\n\t\t\t<div class=\"elementor-widget-wrap elementor-element-populated\">\n\t\t\t\t\t\t<div class=\"elementor-element elementor-element-99c51a5 elementor-widget elementor-widget-heading\" data-id=\"99c51a5\" data-element_type=\"widget\" data-e-type=\"widget\" data-widget_type=\"heading.default\">\n\t\t\t\t<div class=\"elementor-widget-container\">\n\t\t\t\t\t<h2 class=\"elementor-heading-title elementor-size-default\">Servicio<\/h2>\t\t\t\t<\/div>\n\t\t\t\t<\/div>\n\t\t\t\t<div class=\"elementor-element elementor-element-1f05ad8 elementor-widget elementor-widget-heading\" data-id=\"1f05ad8\" data-element_type=\"widget\" data-e-type=\"widget\" data-widget_type=\"heading.default\">\n\t\t\t\t<div class=\"elementor-widget-container\">\n\t\t\t\t\t<h2 class=\"elementor-heading-title elementor-size-default\">Servicio de Alarmas y Medios Tecnol\u00f3gicos  <\/h2>\t\t\t\t<\/div>\n\t\t\t\t<\/div>\n\t\t\t\t<div class=\"elementor-element elementor-element-c4a8488 elementor-widget elementor-widget-text-editor\" data-id=\"c4a8488\" data-element_type=\"widget\" data-e-type=\"widget\" data-widget_type=\"text-editor.default\">\n\t\t\t\t<div class=\"elementor-widget-container\">\n\t\t\t\t\t\t\t\t\t<p style=\"margin-bottom: 2.55pt;\"><span lang=\"ES-MX\" style=\"font-size: 14.0pt;\">La tecnolog\u00eda es un recurso valioso para soportar y complementar la operaci\u00f3n de nuestros colaboradores, por eso en B\u00faho seguridad ofrecemos el servicio de monitoreo de c\u00e1maras y alarmas<\/span><\/p>\t\t\t\t\t\t\t\t<\/div>\n\t\t\t\t<\/div>\n\t\t\t\t<div class=\"elementor-element elementor-element-8971b2a elementor-widget-divider--view-line elementor-widget elementor-widget-divider\" data-id=\"8971b2a\" data-element_type=\"widget\" data-e-type=\"widget\" data-widget_type=\"divider.default\">\n\t\t\t\t<div class=\"elementor-widget-container\">\n\t\t\t\t\t\t\t<div class=\"elementor-divider\">\n\t\t\t<span class=\"elementor-divider-separator\">\n\t\t\t\t\t\t<\/span>\n\t\t<\/div>\n\t\t\t\t\t\t<\/div>\n\t\t\t\t<\/div>\n\t\t\t\t\t<\/div>\n\t\t<\/div>\n\t\t\t\t\t<\/div>\n\t\t<\/section>\n\t\t\t\t<section class=\"elementor-section elementor-top-section elementor-element elementor-element-70d09c1 elementor-section-boxed elementor-section-height-default elementor-section-height-default\" data-id=\"70d09c1\" data-element_type=\"section\" data-e-type=\"section\">\n\t\t\t\t\t\t<div class=\"elementor-container elementor-column-gap-default\">\n\t\t\t\t\t<div class=\"elementor-column elementor-col-100 elementor-top-column elementor-element elementor-element-fda1c51\" data-id=\"fda1c51\" data-element_type=\"column\" data-e-type=\"column\">\n\t\t\t<div class=\"elementor-widget-wrap elementor-element-populated\">\n\t\t\t\t\t\t<div class=\"elementor-element elementor-element-949da71 elementor-widget elementor-widget-spacer\" data-id=\"949da71\" data-element_type=\"widget\" data-e-type=\"widget\" data-widget_type=\"spacer.default\">\n\t\t\t\t<div class=\"elementor-widget-container\">\n\t\t\t\t\t\t\t<div class=\"elementor-spacer\">\n\t\t\t<div class=\"elementor-spacer-inner\"><\/div>\n\t\t<\/div>\n\t\t\t\t\t\t<\/div>\n\t\t\t\t<\/div>\n\t\t\t\t\t<\/div>\n\t\t<\/div>\n\t\t\t\t\t<\/div>\n\t\t<\/section>\n\t\t\t\t<\/div>\n\t\t","protected":false},"excerpt":{"rendered":"<p>Nuestros Servicios Servicio Canino Contamos con certificados en las tres modalidades autorizadas (explosivos, defensa y narcoticos) por la Superintendencia de Seguridad y Vigilancia Privada. Nuestros canes, son entrenados con las habilidades establecidas en la norma y son cuidados con los protocolos establecidos por la Ley. Servicio De Vigilancia Armado o Sin Arma Nuestros guardas cuentan [&hellip;]<\/p>\n","protected":false},"author":1,"featured_media":0,"parent":48,"menu_order":0,"comment_status":"closed","ping_status":"closed","template":"elementor_header_footer","meta":{"om_disable_all_campaigns":false,"_monsterinsights_skip_tracking":false,"_monsterinsights_sitenote_active":false,"_monsterinsights_sitenote_note":"","_monsterinsights_sitenote_category":0,"site-sidebar-layout":"no-sidebar","site-content-layout":"","ast-site-content-layout":"full-width-container","site-content-style":"default","site-sidebar-style":"default","ast-global-header-display":"","ast-banner-title-visibility":"","ast-main-header-display":"","ast-hfb-above-header-display":"","ast-hfb-below-header-display":"","ast-hfb-mobile-header-display":"","site-post-title":"disabled","ast-breadcrumbs-content":"","ast-featured-img":"disabled","footer-sml-layout":"","theme-transparent-header-meta":"","adv-header-id-meta":"","stick-header-meta":"","header-above-stick-meta":"","header-main-stick-meta":"","header-below-stick-meta":"","astra-migrate-meta-layouts":"default","ast-page-background-enabled":"default","ast-page-background-meta":{"desktop":{"background-color":"var(--ast-global-color-4)","background-image":"","background-repeat":"repeat","background-position":"center center","background-size":"auto","background-attachment":"scroll","background-type":"","background-media":"","overlay-type":"","overlay-color":"","overlay-opacity":"","overlay-gradient":""},"tablet":{"background-color":"","background-image":"","background-repeat":"repeat","background-position":"center center","background-size":"auto","background-attachment":"scroll","background-type":"","background-media":"","overlay-type":"","overlay-color":"","overlay-opacity":"","overlay-gradient":""},"mobile":{"background-color":"","background-image":"","background-repeat":"repeat","background-position":"center center","background-size":"auto","background-attachment":"scroll","background-type":"","background-media":"","overlay-type":"","overlay-color":"","overlay-opacity":"","overlay-gradient":""}},"ast-content-background-meta":{"desktop":{"background-color":"var(--ast-global-color-5)","background-image":"","background-repeat":"repeat","background-position":"center center","background-size":"auto","background-attachment":"scroll","background-type":"","background-media":"","overlay-type":"","overlay-color":"","overlay-opacity":"","overlay-gradient":""},"tablet":{"background-color":"var(--ast-global-color-5)","background-image":"","background-repeat":"repeat","background-position":"center center","background-size":"auto","background-attachment":"scroll","background-type":"","background-media":"","overlay-type":"","overlay-color":"","overlay-opacity":"","overlay-gradient":""},"mobile":{"background-color":"var(--ast-global-color-5)","background-image":"","background-repeat":"repeat","background-position":"center center","background-size":"auto","background-attachment":"scroll","background-type":"","background-media":"","overlay-type":"","overlay-color":"","overlay-opacity":"","overlay-gradient":""}},"footnotes":""},"class_list":["post-240","page","type-page","status-publish","hentry"],"aioseo_notices":[],"_links":{"self":[{"href":"https:\/\/buhoseguridad.com.co\/index.php?rest_route=\/wp\/v2\/pages\/240","targetHints":{"allow":["GET"]}}],"collection":[{"href":"https:\/\/buhoseguridad.com.co\/index.php?rest_route=\/wp\/v2\/pages"}],"about":[{"href":"https:\/\/buhoseguridad.com.co\/index.php?rest_route=\/wp\/v2\/types\/page"}],"author":[{"embeddable":true,"href":"https:\/\/buhoseguridad.com.co\/index.php?rest_route=\/wp\/v2\/users\/1"}],"replies":[{"embeddable":true,"href":"https:\/\/buhoseguridad.com.co\/index.php?rest_route=%2Fwp%2Fv2%2Fcomments&post=240"}],"version-history":[{"count":52,"href":"https:\/\/buhoseguridad.com.co\/index.php?rest_route=\/wp\/v2\/pages\/240\/revisions"}],"predecessor-version":[{"id":3321,"href":"https:\/\/buhoseguridad.com.co\/index.php?rest_route=\/wp\/v2\/pages\/240\/revisions\/3321"}],"up":[{"embeddable":true,"href":"https:\/\/buhoseguridad.com.co\/index.php?rest_route=\/wp\/v2\/pages\/48"}],"wp:attachment":[{"href":"https:\/\/buhoseguridad.com.co\/index.php?rest_route=%2Fwp%2Fv2%2Fmedia&parent=240"}],"curies":[{"name":"wp","href":"https:\/\/api.w.org\/{rel}","templated":true}]}}