{"id":1178,"date":"2025-08-04T20:02:33","date_gmt":"2025-08-04T20:02:33","guid":{"rendered":"https:\/\/buhoseguridad.com.co\/?page_id=1178"},"modified":"2026-04-10T20:29:42","modified_gmt":"2026-04-10T20:29:42","slug":"inicio-2","status":"publish","type":"page","link":"https:\/\/buhoseguridad.com.co\/?page_id=1178","title":{"rendered":"Inicio Colaboradores"},"content":{"rendered":"\t\t<div data-elementor-type=\"wp-page\" data-elementor-id=\"1178\" class=\"elementor elementor-1178\" data-elementor-post-type=\"page\">\n\t\t\t\t\t\t<section class=\"elementor-section elementor-top-section elementor-element elementor-element-81702b3 elementor-section-boxed elementor-section-height-default elementor-section-height-default\" data-id=\"81702b3\" data-element_type=\"section\" data-e-type=\"section\">\n\t\t\t\t\t\t<div class=\"elementor-container elementor-column-gap-default\">\n\t\t\t\t\t<div class=\"elementor-column elementor-col-100 elementor-top-column elementor-element elementor-element-052613e\" data-id=\"052613e\" data-element_type=\"column\" data-e-type=\"column\">\n\t\t\t<div class=\"elementor-widget-wrap elementor-element-populated\">\n\t\t\t\t\t\t<div class=\"elementor-element elementor-element-81a5bc3 elementor-widget elementor-widget-spacer\" data-id=\"81a5bc3\" data-element_type=\"widget\" data-e-type=\"widget\" data-widget_type=\"spacer.default\">\n\t\t\t\t<div class=\"elementor-widget-container\">\n\t\t\t\t\t\t\t<div class=\"elementor-spacer\">\n\t\t\t<div class=\"elementor-spacer-inner\"><\/div>\n\t\t<\/div>\n\t\t\t\t\t\t<\/div>\n\t\t\t\t<\/div>\n\t\t\t\t\t<\/div>\n\t\t<\/div>\n\t\t\t\t\t<\/div>\n\t\t<\/section>\n\t\t\t\t<section class=\"elementor-section elementor-top-section elementor-element elementor-element-b817c1c elementor-section-boxed elementor-section-height-default elementor-section-height-default\" data-id=\"b817c1c\" data-element_type=\"section\" data-e-type=\"section\">\n\t\t\t\t\t\t<div class=\"elementor-container elementor-column-gap-default\">\n\t\t\t\t\t<div class=\"elementor-column elementor-col-100 elementor-top-column elementor-element elementor-element-97b12f1\" data-id=\"97b12f1\" data-element_type=\"column\" data-e-type=\"column\">\n\t\t\t<div class=\"elementor-widget-wrap elementor-element-populated\">\n\t\t\t\t\t\t<div class=\"elementor-element elementor-element-edd5914 elementor-widget elementor-widget-spacer\" data-id=\"edd5914\" data-element_type=\"widget\" data-e-type=\"widget\" data-widget_type=\"spacer.default\">\n\t\t\t\t<div class=\"elementor-widget-container\">\n\t\t\t\t\t\t\t<div class=\"elementor-spacer\">\n\t\t\t<div class=\"elementor-spacer-inner\"><\/div>\n\t\t<\/div>\n\t\t\t\t\t\t<\/div>\n\t\t\t\t<\/div>\n\t\t\t\t\t<\/div>\n\t\t<\/div>\n\t\t\t\t\t<\/div>\n\t\t<\/section>\n\t\t\t\t<section class=\"elementor-section elementor-top-section elementor-element elementor-element-6e6a473 elementor-section-content-middle elementor-section-boxed elementor-section-height-default elementor-section-height-default\" data-id=\"6e6a473\" data-element_type=\"section\" data-e-type=\"section\">\n\t\t\t\t\t\t<div class=\"elementor-container elementor-column-gap-default\">\n\t\t\t\t\t<div class=\"elementor-column elementor-col-50 elementor-top-column elementor-element elementor-element-334cd63\" data-id=\"334cd63\" data-element_type=\"column\" data-e-type=\"column\">\n\t\t\t<div class=\"elementor-widget-wrap elementor-element-populated\">\n\t\t\t\t\t\t<div class=\"elementor-element elementor-element-4d3c4a2 elementor-widget elementor-widget-image\" data-id=\"4d3c4a2\" data-element_type=\"widget\" data-e-type=\"widget\" data-widget_type=\"image.default\">\n\t\t\t\t<div class=\"elementor-widget-container\">\n\t\t\t\t\t\t\t\t\t\t\t\t\t\t\t<img fetchpriority=\"high\" decoding=\"async\" width=\"1536\" height=\"708\" src=\"https:\/\/buhoseguridad.com.co\/wp-content\/uploads\/2023\/12\/WhatsApp-Image-2023-12-13-at-9.59.29-AM-1536x708.jpeg\" class=\"attachment-1536x1536 size-1536x1536 wp-image-577\" alt=\"\" srcset=\"https:\/\/buhoseguridad.com.co\/wp-content\/uploads\/2023\/12\/WhatsApp-Image-2023-12-13-at-9.59.29-AM-1536x708.jpeg 1536w, https:\/\/buhoseguridad.com.co\/wp-content\/uploads\/2023\/12\/WhatsApp-Image-2023-12-13-at-9.59.29-AM-300x138.jpeg 300w, https:\/\/buhoseguridad.com.co\/wp-content\/uploads\/2023\/12\/WhatsApp-Image-2023-12-13-at-9.59.29-AM-1024x472.jpeg 1024w, https:\/\/buhoseguridad.com.co\/wp-content\/uploads\/2023\/12\/WhatsApp-Image-2023-12-13-at-9.59.29-AM-768x354.jpeg 768w, https:\/\/buhoseguridad.com.co\/wp-content\/uploads\/2023\/12\/WhatsApp-Image-2023-12-13-at-9.59.29-AM.jpeg 1600w\" sizes=\"(max-width: 1536px) 100vw, 1536px\" \/>\t\t\t\t\t\t\t\t\t\t\t\t\t\t\t<\/div>\n\t\t\t\t<\/div>\n\t\t\t\t\t<\/div>\n\t\t<\/div>\n\t\t\t\t<div class=\"elementor-column elementor-col-50 elementor-top-column elementor-element elementor-element-bb8f73d\" data-id=\"bb8f73d\" data-element_type=\"column\" data-e-type=\"column\">\n\t\t\t<div class=\"elementor-widget-wrap elementor-element-populated\">\n\t\t\t\t\t\t<div class=\"elementor-element elementor-element-c76c052 elementor-widget elementor-widget-text-editor\" data-id=\"c76c052\" data-element_type=\"widget\" data-e-type=\"widget\" data-widget_type=\"text-editor.default\">\n\t\t\t\t<div class=\"elementor-widget-container\">\n\t\t\t\t\t\t\t\t\t<h2 style=\"text-align: right;\" data-start=\"181\" data-end=\"221\"><span style=\"color: #003366;\"><strong data-start=\"181\" data-end=\"221\">\u00a1Bienvenidos Colaboradores!<\/strong><\/span><\/h2><p style=\"text-align: right;\" data-start=\"223\" data-end=\"445\"><span style=\"color: #003366;\">Nos alegra tenerte aqu\u00ed. Este espacio ha sido dise\u00f1ado especialmente para ti, con el objetivo de facilitar tu d\u00eda a d\u00eda, brindarte acceso a herramientas, informaci\u00f3n y recursos clave para tu desarrollo y bienestar laboral.<\/span><\/p><p style=\"text-align: right;\" data-start=\"447\" data-end=\"459\"><span style=\"color: #003366;\">Aqu\u00ed podr\u00e1s:<\/span><\/p><p style=\"text-align: right;\" data-start=\"463\" data-end=\"506\"><span style=\"color: #003366;\">Consultar noticias y comunicados internos<\/span><\/p><p style=\"text-align: right;\" data-start=\"509\" data-end=\"565\"><span style=\"color: #003366;\">Acceder a tus datos laborales y documentos importantes<\/span><\/p><p style=\"text-align: right;\" data-start=\"568\" data-end=\"621\"><span style=\"color: #003366;\">Conocer oportunidades de capacitaci\u00f3n y crecimiento<\/span><\/p><p style=\"text-align: right;\" data-start=\"624\" data-end=\"669\"><span style=\"color: #003366;\">Estar al tanto de eventos, beneficios y m\u00e1s<\/span><\/p><p style=\"text-align: right;\" data-start=\"671\" data-end=\"791\"><span style=\"color: #003366;\">Gracias por ser parte fundamental de este equipo. Tu compromiso y dedicaci\u00f3n hacen posible que sigamos creciendo juntos.<\/span><\/p><h3 style=\"text-align: right;\" data-start=\"793\" data-end=\"822\"><span style=\"color: #003366;\"><strong data-start=\"793\" data-end=\"822\">\u00a1Bienvenido a tu espacio!<\/strong><\/span><\/h3>\t\t\t\t\t\t\t\t<\/div>\n\t\t\t\t<\/div>\n\t\t\t\t<div class=\"elementor-element elementor-element-40f60c7 elementor-widget elementor-widget-spacer\" data-id=\"40f60c7\" data-element_type=\"widget\" data-e-type=\"widget\" data-widget_type=\"spacer.default\">\n\t\t\t\t<div class=\"elementor-widget-container\">\n\t\t\t\t\t\t\t<div class=\"elementor-spacer\">\n\t\t\t<div class=\"elementor-spacer-inner\"><\/div>\n\t\t<\/div>\n\t\t\t\t\t\t<\/div>\n\t\t\t\t<\/div>\n\t\t\t\t\t<\/div>\n\t\t<\/div>\n\t\t\t\t\t<\/div>\n\t\t<\/section>\n\t\t\t\t<section class=\"elementor-section elementor-top-section elementor-element elementor-element-f230dc1 elementor-section-boxed elementor-section-height-default elementor-section-height-default\" data-id=\"f230dc1\" data-element_type=\"section\" data-e-type=\"section\">\n\t\t\t\t\t\t<div class=\"elementor-container elementor-column-gap-default\">\n\t\t\t\t\t<div class=\"elementor-column elementor-col-100 elementor-top-column elementor-element elementor-element-a59ad71\" data-id=\"a59ad71\" data-element_type=\"column\" data-e-type=\"column\">\n\t\t\t<div class=\"elementor-widget-wrap elementor-element-populated\">\n\t\t\t\t\t\t<div class=\"elementor-element elementor-element-95c7f2e elementor-widget elementor-widget-spacer\" data-id=\"95c7f2e\" data-element_type=\"widget\" data-e-type=\"widget\" data-widget_type=\"spacer.default\">\n\t\t\t\t<div class=\"elementor-widget-container\">\n\t\t\t\t\t\t\t<div class=\"elementor-spacer\">\n\t\t\t<div class=\"elementor-spacer-inner\"><\/div>\n\t\t<\/div>\n\t\t\t\t\t\t<\/div>\n\t\t\t\t<\/div>\n\t\t\t\t\t<\/div>\n\t\t<\/div>\n\t\t\t\t\t<\/div>\n\t\t<\/section>\n\t\t\t\t<section class=\"elementor-section elementor-top-section elementor-element elementor-element-9d5c344 elementor-section-boxed elementor-section-height-default elementor-section-height-default\" data-id=\"9d5c344\" data-element_type=\"section\" data-e-type=\"section\" data-settings=\"{&quot;background_background&quot;:&quot;slideshow&quot;,&quot;background_slideshow_gallery&quot;:[{&quot;id&quot;:3156,&quot;url&quot;:&quot;https:\\\/\\\/buhoseguridad.com.co\\\/wp-content\\\/uploads\\\/2026\\\/03\\\/portadita.png&quot;}],&quot;background_slideshow_loop&quot;:&quot;yes&quot;,&quot;background_slideshow_slide_duration&quot;:5000,&quot;background_slideshow_slide_transition&quot;:&quot;fade&quot;,&quot;background_slideshow_transition_duration&quot;:500}\">\n\t\t\t\t\t\t<div class=\"elementor-container elementor-column-gap-default\">\n\t\t\t\t\t<div class=\"elementor-column elementor-col-33 elementor-top-column elementor-element elementor-element-e83da50\" data-id=\"e83da50\" data-element_type=\"column\" data-e-type=\"column\">\n\t\t\t<div class=\"elementor-widget-wrap\">\n\t\t\t\t\t\t\t<\/div>\n\t\t<\/div>\n\t\t\t\t<div class=\"elementor-column elementor-col-33 elementor-top-column elementor-element elementor-element-b85b6ca\" data-id=\"b85b6ca\" data-element_type=\"column\" data-e-type=\"column\">\n\t\t\t<div class=\"elementor-widget-wrap elementor-element-populated\">\n\t\t\t\t\t\t<div class=\"elementor-element elementor-element-74c8d8c elementor-widget__width-initial elementor-widget elementor-widget-text-editor\" data-id=\"74c8d8c\" data-element_type=\"widget\" data-e-type=\"widget\" data-widget_type=\"text-editor.default\">\n\t\t\t\t<div class=\"elementor-widget-container\">\n\t\t\t\t\t\t\t\t\t<p class=\"cvGsUA direction-ltr align-start para-style-body\"><span class=\"a_GcMg font-feature-liga-off font-feature-clig-off font-feature-calt-off text-decoration-none text-strikethrough-none\"><strong>Bienvenido Colaborador<\/strong> <\/span><\/p><p class=\"cvGsUA direction-ltr align-start para-style-body\"><span class=\"a_GcMg font-feature-liga-off font-feature-clig-off font-feature-calt-off text-decoration-none text-strikethrough-none\">Nos alegra tenerte aqu\u00ed. Este espacio ha sido dise\u00f1ado especialmente para ti, con el objetivo de facilitar tu d\u00eda a d\u00eda, brindarte acceso a herramientas, informaci\u00f3n y recursos clave para tu desarrollo y bienestar laboral.<\/span><\/p><p class=\"cvGsUA direction-ltr align-start para-style-body\"><strong><span class=\"a_GcMg font-feature-liga-off font-feature-clig-off font-feature-calt-off text-decoration-none text-strikethrough-none\">\u00a1Bienvenido a tu espacio!<\/span><\/strong><\/p>\t\t\t\t\t\t\t\t<\/div>\n\t\t\t\t<\/div>\n\t\t\t\t\t<\/div>\n\t\t<\/div>\n\t\t\t\t<div class=\"elementor-column elementor-col-33 elementor-top-column elementor-element elementor-element-a9b7d63\" data-id=\"a9b7d63\" data-element_type=\"column\" data-e-type=\"column\">\n\t\t\t<div class=\"elementor-widget-wrap\">\n\t\t\t\t\t\t\t<\/div>\n\t\t<\/div>\n\t\t\t\t\t<\/div>\n\t\t<\/section>\n\t\t\t\t<\/div>\n\t\t","protected":false},"excerpt":{"rendered":"<p>\u00a1Bienvenidos Colaboradores! Nos alegra tenerte aqu\u00ed. Este espacio ha sido dise\u00f1ado especialmente para ti, con el objetivo de facilitar tu d\u00eda a d\u00eda, brindarte acceso a herramientas, informaci\u00f3n y recursos clave para tu desarrollo y bienestar laboral. Aqu\u00ed podr\u00e1s: Consultar noticias y comunicados internos Acceder a tus datos laborales y documentos importantes Conocer oportunidades de [&hellip;]<\/p>\n","protected":false},"author":1,"featured_media":0,"parent":0,"menu_order":0,"comment_status":"closed","ping_status":"closed","template":"","meta":{"om_disable_all_campaigns":false,"_monsterinsights_skip_tracking":false,"_monsterinsights_sitenote_active":false,"_monsterinsights_sitenote_note":"","_monsterinsights_sitenote_category":0,"site-sidebar-layout":"no-sidebar","site-content-layout":"","ast-site-content-layout":"full-width-container","site-content-style":"default","site-sidebar-style":"default","ast-global-header-display":"","ast-banner-title-visibility":"","ast-main-header-display":"","ast-hfb-above-header-display":"","ast-hfb-below-header-display":"","ast-hfb-mobile-header-display":"","site-post-title":"disabled","ast-breadcrumbs-content":"","ast-featured-img":"disabled","footer-sml-layout":"","theme-transparent-header-meta":"","adv-header-id-meta":"","stick-header-meta":"","header-above-stick-meta":"","header-main-stick-meta":"","header-below-stick-meta":"","astra-migrate-meta-layouts":"default","ast-page-background-enabled":"default","ast-page-background-meta":{"desktop":{"background-color":"var(--ast-global-color-4)","background-image":"","background-repeat":"repeat","background-position":"center center","background-size":"auto","background-attachment":"scroll","background-type":"","background-media":"","overlay-type":"","overlay-color":"","overlay-opacity":"","overlay-gradient":""},"tablet":{"background-color":"","background-image":"","background-repeat":"repeat","background-position":"center center","background-size":"auto","background-attachment":"scroll","background-type":"","background-media":"","overlay-type":"","overlay-color":"","overlay-opacity":"","overlay-gradient":""},"mobile":{"background-color":"","background-image":"","background-repeat":"repeat","background-position":"center center","background-size":"auto","background-attachment":"scroll","background-type":"","background-media":"","overlay-type":"","overlay-color":"","overlay-opacity":"","overlay-gradient":""}},"ast-content-background-meta":{"desktop":{"background-color":"var(--ast-global-color-5)","background-image":"","background-repeat":"repeat","background-position":"center center","background-size":"auto","background-attachment":"scroll","background-type":"","background-media":"","overlay-type":"","overlay-color":"","overlay-opacity":"","overlay-gradient":""},"tablet":{"background-color":"var(--ast-global-color-5)","background-image":"","background-repeat":"repeat","background-position":"center center","background-size":"auto","background-attachment":"scroll","background-type":"","background-media":"","overlay-type":"","overlay-color":"","overlay-opacity":"","overlay-gradient":""},"mobile":{"background-color":"var(--ast-global-color-5)","background-image":"","background-repeat":"repeat","background-position":"center center","background-size":"auto","background-attachment":"scroll","background-type":"","background-media":"","overlay-type":"","overlay-color":"","overlay-opacity":"","overlay-gradient":""}},"footnotes":""},"class_list":["post-1178","page","type-page","status-publish","hentry"],"aioseo_notices":[],"_links":{"self":[{"href":"https:\/\/buhoseguridad.com.co\/index.php?rest_route=\/wp\/v2\/pages\/1178","targetHints":{"allow":["GET"]}}],"collection":[{"href":"https:\/\/buhoseguridad.com.co\/index.php?rest_route=\/wp\/v2\/pages"}],"about":[{"href":"https:\/\/buhoseguridad.com.co\/index.php?rest_route=\/wp\/v2\/types\/page"}],"author":[{"embeddable":true,"href":"https:\/\/buhoseguridad.com.co\/index.php?rest_route=\/wp\/v2\/users\/1"}],"replies":[{"embeddable":true,"href":"https:\/\/buhoseguridad.com.co\/index.php?rest_route=%2Fwp%2Fv2%2Fcomments&post=1178"}],"version-history":[{"count":21,"href":"https:\/\/buhoseguridad.com.co\/index.php?rest_route=\/wp\/v2\/pages\/1178\/revisions"}],"predecessor-version":[{"id":3388,"href":"https:\/\/buhoseguridad.com.co\/index.php?rest_route=\/wp\/v2\/pages\/1178\/revisions\/3388"}],"wp:attachment":[{"href":"https:\/\/buhoseguridad.com.co\/index.php?rest_route=%2Fwp%2Fv2%2Fmedia&parent=1178"}],"curies":[{"name":"wp","href":"https:\/\/api.w.org\/{rel}","templated":true}]}}